{"id":2842,"date":"2023-05-10T02:19:02","date_gmt":"2023-05-10T00:19:02","guid":{"rendered":"https:\/\/astonvue.pl\/datenschutzerklaerung\/"},"modified":"2025-11-21T19:57:04","modified_gmt":"2025-11-21T18:57:04","slug":"datenschutzerklaerung","status":"publish","type":"page","link":"https:\/\/astonvue.pl\/de\/datenschutzerklaerung\/","title":{"rendered":"Datenschutzerkl\u00e4rung"},"content":{"rendered":"\n<h2 class=\"wp-block-heading\" id=\"i-informacje-ogolne\"><strong>I. Allgemeine Informationen<\/strong><\/h2>\n\n<ol class=\"wp-block-list\" style=\"list-style-type:1\">\n<li>Der Verantwortliche f\u00fcr die \u00fcber die Website <a href=\"http:\/\/przyjaznapark.pl\/\">figaro<\/a><a href=\"http:\/\/astonvue.pl\">garden.pl<\/a> erhobenen personenbezogenen Daten ist <strong>FIGARO GARDEN sp. z o.o.<\/strong> mit Sitz in Krakau, Adresse: ul. Koszykarska 29, 30-717 Krak\u00f3w, eingetragen im Unternehmerregister des Landesgerichts unter der Nummer KRS 0001075186, NIP 6793285502, REGON 527189096. <\/li>\n\n\n\n<li>Der Datenschutz erfolgt gem\u00e4\u00df den Anforderungen der geltenden gesetzlichen Bestimmungen, insbesondere dem Gesetz \u00fcber die Erbringung elektronischer Dienstleistungen sowie der Verordnung (EU) 2016\/679 (\u201eDSGVO\u201d).  <\/li>\n\n\n\n<li>Wir respektieren das Recht auf Privatsph\u00e4re und sorgen f\u00fcr die Sicherheit der Daten. Zu diesem Zweck verwenden wir unter anderem ein sicheres SSL-Verschl\u00fcsselungsprotokoll, und personenbezogene Daten werden auf gesch\u00fctzten Servern gespeichert.  <\/li>\n\n\n\n<li>Die im Kontaktformular angegebenen personenbezogenen Daten werden vertraulich behandelt und sind f\u00fcr unbefugte Personen nicht sichtbar.<\/li>\n<\/ol>\n\n<h2 class=\"wp-block-heading\" id=\"ii-administrowanie-danymi-osobowymi\"><strong>II. Verwaltung personenbezogener Daten <\/strong><strong class=\"privacy-policy-tutorial\"><\/strong><\/h2>\n\n<ol class=\"wp-block-list\" style=\"list-style-type:1\">\n<li>FIGARO GARDEN sp. z o.o. ist der Verantwortliche f\u00fcr die Daten seiner Kunden. Das bedeutet, dass wir, wenn ein Nutzer die Kontaktformulare auf unserer Website verwendet oder E-Mails an unsere Mitarbeiter sendet, Daten wie Vorname, Nachname, E-Mail-Adresse, Telefonnummer, Adresse, IP-Adresse, Firmenname und Steuernummer (NIP) sowie weitere vom Nutzer angegebene Daten verarbeiten. Der Verantwortliche verarbeitet keine besonderen Kategorien personenbezogener Daten.        <\/li>\n\n\n\n<li>Personenbezogene Daten werden verarbeitet:\n<ol class=\"wp-block-list\">\n<li>gem\u00e4\u00df den Vorschriften zum Schutz personenbezogener Daten,<\/li>\n\n\n\n<li>gem\u00e4\u00df der implementierten Datenschutz-Sicherheitsrichtlinie,<\/li>\n\n\n\n<li>im Umfang und zu dem Zweck, der f\u00fcr die Anbahnung, Gestaltung, \u00c4nderung oder Beendigung eines Vertrags sowie f\u00fcr die ordnungsgem\u00e4\u00dfe Erbringung elektronischer Dienstleistungen erforderlich ist,<\/li>\n\n\n\n<li>im Umfang und zu dem Zweck, der zur Wahrung berechtigter Interessen erforderlich ist, sofern die Verarbeitung die Rechte und Freiheiten der betroffenen Person nicht verletzt;<\/li>\n\n\n\n<li>die im Formular angegebenen Daten werden zu dem Zweck verarbeitet, der sich aus dem jeweiligen Formular ergibt, z. B. f\u00fcr kommerzielle Kontaktaufnahme.<\/li>\n\n\n\n<li>Daten werden nur in dem angemessenen, notwendigen und erforderlichen Umfang im Hinblick auf die Zwecke erhoben, f\u00fcr die sie verarbeitet werden.<\/li>\n<\/ol>\n<\/li>\n\n\n\n<li>Jede betroffene Person hat das Recht auf Zugriff auf ihre Daten, deren Berichtigung, L\u00f6schung oder Einschr\u00e4nkung der Verarbeitung, das Recht auf Widerspruch sowie das Recht, eine Beschwerde bei der Aufsichtsbeh\u00f6rde einzureichen.<\/li>\n\n\n\n<li>Der Kontakt zur f\u00fcr die \u00dcberwachung der Datenverarbeitung verantwortlichen Person bei FIGARO GARDEN sp. z o.o. ist per E-Mail unter <a href=\"mailto:figarogarden@wisdomic.pl\">figarogarden@wisdomic.pl<\/a> oder schriftlich an folgende Adresse m\u00f6glich: FIGARO GARDEN sp. z o.o., ul. Koszykarska 29, 30-717 Krak\u00f3w, mit dem Vermerk \u201ePersonenbezogene Daten\u201c.       <\/li>\n\n\n\n<li>Wir behalten uns das Recht vor, Daten nach Beendigung des Vertrags oder nach Widerruf der Einwilligung nur insoweit zu verarbeiten, wie dies zur Geltendmachung m\u00f6glicher Anspr\u00fcche vor Gericht erforderlich ist oder wenn nationale, EU- oder internationale Vorschriften uns zur Speicherung verpflichten.<\/li>\n\n\n\n<li>Die L\u00f6schung personenbezogener Daten kann infolge des Widerrufs der Einwilligung oder eines rechtlich zul\u00e4ssigen Widerspruchs gegen die Verarbeitung erfolgen.<\/li>\n\n\n\n<li>Der Verantwortliche unternimmt alle Anstrengungen, um Daten vor unbefugtem Zugriff Dritter zu sch\u00fctzen, und wendet hohe organisatorische und technische Sicherheitsma\u00dfnahmen an.<\/li>\n\n\n\n<li>Um die Beziehungen zu den Nutzern aufrechtzuerhalten, zu entwickeln und zu analysieren sowie zur Erstellung von Statistiken und f\u00fcr Marketingzwecke nutzt FIGARO GARDEN sp. z o.o. Profiling, das personenbezogene Daten zur Bewertung bestimmter Merkmale des Nutzers verwendet, insbesondere zur Analyse oder Prognose pers\u00f6nlicher Pr\u00e4ferenzen, Interessen, des Standorts oder der Bewegung.   <\/li>\n\n\n\n<li>Personenbezogene Daten sowie Nutzungsdaten der Nutzer k\u00f6nnen externen Stellen offengelegt werden, wie z. B.:\n<ol class=\"wp-block-list\">\n<li>Auftragsverarbeitern, denen FIGARO GARDEN sp. z o.o. Daten aufgrund eines entsprechenden Vertrags anvertraut hat, z. B. Dienstleistern im Bau-, Renovierungs- oder IT-Bereich, sofern dies zur Erf\u00fcllung eines Vertrags erforderlich ist;      <\/li>\n\n\n\n<li>staatlichen Beh\u00f6rden wie Polizei, Staatsanwaltschaft, Gerichten oder Regulierungsstellen \u2014 auf deren Anfrage und nur im gesetzlich erforderlichen Umfang oder zum Schutz der Rechte oder Sicherheit von FIGARO GARDEN sp. z o.o., seinen Nutzern oder Mitarbeitern;        <\/li>\n\n\n\n<li>Rechtsanwaltskanzleien und Gerichten zur Durchsetzung oder Erf\u00fcllung eines Vertrags mit dem Nutzer;<\/li>\n<\/ol>\n<\/li>\n\n\n\n<li>Die Daten des Nutzers werden standardm\u00e4\u00dfig nicht au\u00dferhalb des Europ\u00e4ischen Wirtschaftsraums \u00fcbermittelt und nicht an internationale Organisationen weitergegeben. Bei einer \u00dcbermittlung in Drittl\u00e4nder verwendet FIGARO GARDEN sp. z o.o. die von der Europ\u00e4ischen Kommission angenommenen Standardvertragsklauseln, die grundlegende Garantien f\u00fcr den Schutz der Nutzerdaten bieten.    <\/li>\n\n\n\n<li>Unsere Website kann Social-Media-Funktionen wie Facebook-, Instagram-, LinkedIn- oder Twitter-Buttons enthalten. Diese Funktionen k\u00f6nnen Informationen wie die IP-Adresse oder den Browserverlauf sammeln und Cookies speichern. Die Verarbeitung solcher Daten unterliegt den Datenschutzrichtlinien der jeweiligen Social-Media-Betreiber und f\u00e4llt nicht unter diese Datenschutzerkl\u00e4rung.  <\/li>\n\n\n\n<li>Wir bem\u00fchen uns, die Aufbewahrungsdauer personenbezogener Daten, die nicht mehr ben\u00f6tigt werden, so weit wie m\u00f6glich zu minimieren. Es kann jedoch vorkommen, dass eine l\u00e4ngere Speicherung aus betrieblichen oder technischen Gr\u00fcnden erforderlich ist. <\/li>\n\n\n\n<li>Daten werden zu Marketingzwecken verarbeitet, bis der Nutzer seine Einwilligung widerruft.<\/li>\n\n\n\n<li>F\u00fcr die Erf\u00fcllung eines Vertrags oder einer Dienstleistung werden die Daten f\u00fcr die Dauer der Vertragsdurchf\u00fchrung verarbeitet und \u2014 sofern gesetzlich zul\u00e4ssig oder erforderlich \u2014 auch danach, z. B. zu statistischen oder buchhalterischen Zwecken oder zur Geltendmachung von Anspr\u00fcchen.    <\/li>\n<\/ol>\n\n<h2 class=\"wp-block-heading\" id=\"iii-pliki-cookies\"><strong>III. Cookies <\/strong><\/h2>\n\n<ol class=\"wp-block-list\" style=\"list-style-type:1\">\n<li>Der Service verwendet \u201eCookies\u201c. Dies sind kleine Textdateien, die von einem Webserver gesendet und durch die Browser-Software auf dem Ger\u00e4t des Nutzers gespeichert werden. Wenn der Browser die Website erneut aufruft, erkennt die Website den Ger\u00e4tetyp des Nutzers. Die Parameter erm\u00f6glichen das Auslesen der darin enthaltenen Informationen ausschlie\u00dflich durch den Server, der sie erstellt hat. Cookies erleichtern somit die Nutzung zuvor besuchter Websites.    <\/li>\n\n\n\n<li>Die gesammelten Informationen beziehen sich auf die IP-Adresse, den verwendeten Browsertyp, die Sprache, das Betriebssystem, den Internetdienstanbieter, Zeit- und Datumsangaben, den Standort sowie Informationen, die \u00fcber das Kontaktformular an die Website \u00fcbermittelt werden.<\/li>\n\n\n\n<li>Die gesammelten Daten dienen der \u00dcberwachung und Analyse, wie Nutzer unsere Websites verwenden, um die Funktionsweise des Services zu verbessern und eine effizientere und reibungslosere Navigation zu gew\u00e4hrleisten. Die \u00dcberwachung erfolgt mit Tools, die das Verhalten der Nutzer auf der Website aufzeichnen. <\/li>\n\n\n\n<li>Cookies identifizieren den Nutzer, wodurch der Inhalt der Website an seine Bed\u00fcrfnisse angepasst werden kann. Durch das Speichern seiner Pr\u00e4ferenzen erm\u00f6glicht es eine gezielte Anpassung der angezeigten Werbung. Wir verwenden Cookies, um den h\u00f6chsten Bedienkomfort unseres Services zu gew\u00e4hrleisten, und die gesammelten Daten werden ausschlie\u00dflich intern zur Optimierung genutzt.  <\/li>\n\n\n\n<li>Auf unserer Website verwenden wir folgende Arten von Cookies:\n<ol class=\"wp-block-list\">\n<li>\u201enotwendige\u201c Cookies, die die Nutzung von Diensten innerhalb des Services erm\u00f6glichen, z. B. Authentifizierungs-Cookies f\u00fcr Dienste, die eine Anmeldung erfordern;<\/li>\n\n\n\n<li>Cookies zur Gew\u00e4hrleistung der Sicherheit, z. B. zur Erkennung von Missbrauch bei der Anmeldung im Rahmen des Services;<\/li>\n\n\n\n<li>\u201eLeistungs-Cookies\u201c, die die Sammlung von Informationen \u00fcber die Nutzung der Website erm\u00f6glichen;<\/li>\n\n\n\n<li>\u201eFunktionale Cookies\u201c, die das Speichern ausgew\u00e4hlter Einstellungen des Nutzers sowie die Personalisierung der Benutzeroberfl\u00e4che erm\u00f6glichen, z. B. Sprache, Region, Schriftgr\u00f6\u00dfe, Erscheinungsbild der Website oder Facebook-Funktionen (\u201eGef\u00e4llt mir\u201c-Button, Teilen von Inhalten).<\/li>\n\n\n\n<li>\u201eStatistische Cookies\u201c, die anonyme statistische Daten liefern und erm\u00f6glichen zu erkennen, wie Nutzer die Website verwenden.<\/li>\n\n\n\n<li>Bei der Verwendung von Cookies identifizieren wir niemals deine Identit\u00e4t anhand der darin gespeicherten Informationen. Die gesammelten Informationen sind anonym und beziehen sich ausschlie\u00dflich auf die Nutzung des Services. Das Speichern oder Abrufen von Cookies f\u00fchrt zu keinen \u00c4nderungen an der Ger\u00e4tekonfiguration oder der installierten Software.  <\/li>\n\n\n\n<li>Im Webbrowser besteht die M\u00f6glichkeit, Cookie-Einstellungen zu verwalten, sie zu deaktivieren, wiederherzustellen oder Cookies bestimmter Websites zu blockieren. Es ist au\u00dferdem jederzeit m\u00f6glich, zuvor gespeicherte Cookies und andere Website-Daten zu l\u00f6schen. Informationen hierzu finden sich im Hilfemen\u00fc des Browsers oder auf der Website des Herstellers. Bitte beachte, dass die meisten Browser standardm\u00e4\u00dfig so eingestellt sind, dass sie Cookies akzeptieren.    <br>\n<ul class=\"wp-block-list\">\n<li>Mozilla Firefox: <a href=\"https:\/\/support.mozilla.org\/pl\/kb\/ciasteczka\">https:\/\/support.mozilla.org\/pl\/kb\/ciasteczka<\/a><\/li>\n\n\n\n<li>Google Chrome: <a href=\"https:\/\/support.google.com\/chrome\/bin\/answer.py?hl=pl&amp;answer=95647\">https:\/\/support.google.com\/chrome\/bin\/answer.py?hl=pl&amp;answer=95647<\/a><\/li>\n\n\n\n<li>Opera: <a href=\"https:\/\/help.opera.com\/pl\/latest\/web-preferences\">https:\/\/help.opera.com\/pl\/latest\/web-preferences<\/a><br\/><\/li>\n<\/ul>\n<\/li>\n\n\n\n<li>Wir weisen darauf hin, dass \u00c4nderungen der Cookie-Einstellungen im verwendeten Browser den Zugriff auf bestimmte Funktionen der Website einschr\u00e4nken k\u00f6nnen.<\/li>\n\n\n\n<li>Daher beginnt die Aggregation der \u00fcber Cookies gesammelten Informationen mit der Nutzung unseres Services, und die Rechtsgrundlage f\u00fcr diese Verarbeitung ist die im Sinne von Artikel 173 Absatz 2 des Telekommunikationsgesetzes erteilte Einwilligung.  <\/li>\n\n\n\n<li>Die vom Service verwendeten Cookies (auf dem Endger\u00e4t des Nutzers gespeichert) k\u00f6nnen Partnern und mit uns zusammenarbeitenden Werbetreibenden zur Verf\u00fcgung gestellt werden.<\/li>\n\n\n\n<li>Partner-Tools:<\/li>\n<\/ol>\n<\/li>\n<\/ol>\n\n<p>Im Service werden externe Cookies bekannter Partner verwendet, um allgemeine und anonyme Daten \u00fcber Analysetools zu sammeln:<\/p>\n\n<ul class=\"wp-block-list\">\n<li>Google Analytics<\/li>\n<\/ul>\n\n<p><br\/>Unser Service nutzt Google Analytics, einen Dienst von Google Inc. (\u201eGoogle\u201c). Google Analytics verwendet die oben beschriebenen Cookies, um Informationen \u00fcber die Nutzung unseres Services zu liefern. Wir verwenden Google Analytics au\u00dferdem zur regelm\u00e4\u00dfigen Optimierung des Services. Die gewonnenen Statistiken helfen uns, unser Angebot zu verbessern und f\u00fcr die Nutzer interessanter zu gestalten.    <\/p>\n\n<p>Die Nutzungsbedingungen f\u00fcr Google Analytics sind verf\u00fcgbar unter: https:\/\/marketingplatform.google.com\/about\/analytics\/terms\/, Informationen zum Datenschutz unter: https:\/\/policies.google.com\/, sowie die Datenschutzerkl\u00e4rung unter: <a href=\"https:\/\/policies.google.com\/privacy?hl=pl#infosecurity\">https:\/\/policies.google.com\/privacy<\/a>.<\/p>\n\n<ul class=\"wp-block-list\">\n<li>Google Maps<\/li>\n<\/ul>\n\n<p>Unsere Website enth\u00e4lt au\u00dferdem Verlinkungen zu Karten der Google-Maps-Dienste. Betreiber ist Google LLC, 1600 Amphitheatre Parkway, Mountain View, CA 94043, USA, das zur \u00dcbermittlung der Inhalte die IP-Adresse des Nutzers ben\u00f6tigt. Wir haben keinen Einfluss darauf, wie Google die IP-Adresse des Nutzers verwendet. Die Nutzungs- und Datenschutzbedingungen f\u00fcr Google Maps sind unter <a href=\"https:\/\/policies.google.com\/privacy\">https:\/\/policies.google.com\/privacy<\/a> verf\u00fcgbar.   <\/p>\n\n<ul class=\"wp-block-list\">\n<li>Google Ads (vorher Google AdWords)<\/li>\n<\/ul>\n\n<p>a) Beschreibung des Tools<\/p>\n\n<p>Wir nutzen Google Ads, um die Aufmerksamkeit des Nutzers durch auf externen Websites geschaltete Werbematerialien auf unser Angebot zu lenken. Google Ads verwendet sogenannte \u201eAd-Server\u201c-Cookies, die in der Regel nach 30 Tagen ablaufen und nicht zur Identifizierung des Nutzers dienen. Wir erheben oder verarbeiten im Rahmen dieser Werbema\u00dfnahmen keine personenbezogenen Daten. Wir erhalten ausschlie\u00dflich statistische Daten. Die IP-Anonymisierungsfunktion ist aktiv, sodass Teile der IP-Adresse maskiert werden, um eine Zuordnung zu einer bestimmten Person auszuschlie\u00dfen.            <\/p>\n\n<p> b) Google Ads Remarketing<\/p>\n\n<p>Wir verwenden die Remarketing-Funktion von Google Ads, um unsere Werbung Nutzern anzuzeigen, die unseren Service besucht haben. Die Anzeigen erscheinen auf verschiedenen Websites. Google Ads speichert die Anzahl der Nutzer, die bestimmte Google-Dienste oder Websites im Google Display Network besuchen. Diese Anzahl, dargestellt durch Cookies, dient der Erfassung solcher Besuche. Weitere Informationen \u00fcber die Zwecke und den Umfang der Erhebung sowie Verarbeitung von Daten durch Google finden Sie in der Datenschutzrichtlinie.    <\/p>\n\n<ul class=\"wp-block-list\">\n<li>DoubleClick<\/li>\n<\/ul>\n\n<p>Wir nutzen das DoubleClick-Tool von Google Inc. (\u201eGoogle\u201c), um die Aktivit\u00e4ten der Nutzer im Service auszuwerten und unsere Werbung anschlie\u00dfend auf anderen Websites innerhalb des Partnernetzwerks anzuzeigen. Dieses Tool erm\u00f6glicht die Koordination von Werbung auf verschiedenen Ger\u00e4ten und die Messung von Ereignissen, die zu einer Conversion f\u00fchren.  <\/p>\n\n<ul class=\"wp-block-list\">\n<li>Facebook Pixel<\/li>\n<\/ul>\n\n<p>Wir verwenden das Analysetool Facebook Pixel, um Marketingaktivit\u00e4ten auf Facebook durchzuf\u00fchren und deren Wirksamkeit zu messen. Die durch den Pixel gewonnenen Daten nutzen wir u. a. f\u00fcr: zielgerichtete Ausspielung von Werbung, Erstellung von Zielgruppen, Analyse von Interaktionen nach dem Klick auf eine Anzeige \u2013 sowohl in den Facebook-Werbetools als auch im Service. Der Pixel wird bereitgestellt vom Facebook-Dienst, betrieben von Facebook Inc., 1601 S. California Ave., Palo Alto, CA 94304, USA, oder f\u00fcr EU-Nutzer von Meta Platforms Ireland Limited, 4 Grand Canal Square, Dublin 2, Irland. Weitere Informationen: https:\/\/www.facebook.com\/about\/privacy\/update sowie Pixel-Dokumentation: <a href=\"https:\/\/www.facebook.com\/business\/help\/651294705016616\">https:\/\/www.facebook.com\/business\/help\/651294705016616<\/a>.<\/p>\n\n<ul class=\"wp-block-list\">\n<li>Social-Media-Plugins<\/li>\n<\/ul>\n\n<p>In unserem Service verwenden wir derzeit folgende Social-Media-Plugins: Facebook und Instagram. Den Anbieter des Plugins erkennt man an der Markierung im Fenster \u00fcber seinem Anfangsbuchstaben oder Logo. Mit der Taste kann direkt mit dem Plugin-Anbieter kommuniziert werden. Der Anbieter speichert die \u00fcber den Nutzer gesammelten Daten als Nutzerprofil und verwendet sie f\u00fcr Werbezwecke, Marktforschung und zur bedarfsgerechten Gestaltung seiner Website. Eine solche Analyse erfolgt insbesondere, um bedarfsgerechte Werbung anzuzeigen sowie andere Nutzer des sozialen Netzwerks \u00fcber Aktivit\u00e4ten auf unseren Websites zu informieren.    <\/p>\n\n<p>Wir weisen darauf hin, dass wir keinen Einfluss auf die vom Plugin-Anbieter erhobenen Daten und die Verfahren der Datenverarbeitung haben. Uns ist weder der vollst\u00e4ndige Umfang der Datenerhebung noch der Zweck der Verarbeitung oder die Speicherdauer bekannt. Ebenso haben wir keine Informationen \u00fcber die L\u00f6schung der vom Plugin-Anbieter erhobenen Daten. Weitere Informationen \u00fcber die vom Plugin-Anbieter \u00fcber dich gesammelten Daten findest du in den folgenden Datenschutzerkl\u00e4rungen der Anbieter:   <\/p>\n\n<ul class=\"wp-block-list\">\n<li>Google Inc., 1600 Amphitheater Parkway, Mountain View, California 94043, USA; www.google.com\/policies\/privacy\/partners\/. Google entspricht dem EU-US Privacy Shield Framework, www.privacyshield.gov\/EU-US-Framework;<\/li>\n\n\n\n<li>Facebook Inc., Hacker Way, Menlo Park, California 94025, USA; developers.facebook.com\/docs\/plugins\/. Facebook entspricht dem EU-US Privacy Shield Framework, www.privacyshield.gov\/EU-US-Framework.    <\/li>\n\n\n\n<li>Einbindung von YouTube-Videos<\/li>\n<\/ul>\n\n<p>Unser Online-Angebot umfasst auch YouTube-Videos, die auf www.YouTube.com gespeichert sind und direkt von unserer Website aus abgespielt werden k\u00f6nnen. Betreiber der Plug-ins ist YouTube, LLC, 901 Cherry Ave., San Bruno, CA 94066, USA. YouTube, LLC ist eine Tochtergesellschaft von Google Inc., 1600 Amphitheatre Parkway, Mountain View, CA 94043-1351, USA.<\/p>\n\n<p>Weitere Informationen \u00fcber Zweck und Umfang der Datenerhebung und -verarbeitung durch YouTube findest du unter <a href=\"https:\/\/policies.google.com\/privacy?hl=pl&amp;gl=pl\">https:\/\/policies.google.com\/privacy<\/a>, wo auch Informationen zur Erhebung, Verarbeitung und Nutzung personenbezogener Daten durch YouTube und Google bereitgestellt werden.<\/p>\n\n<p><a href=\"http:\/\/figarogarden.pl\/rodo\/\">Siehe auch: DSGVO<\/a> bei <strong>FIGARO GARDEN sp. z o.o.<\/strong><\/p>\n","protected":false},"excerpt":{"rendered":"<p>I. Allgemeine Informationen II. Verwaltung personenbezogener Daten III. Cookies Im Service werden externe Cookies bekannter Partner verwendet, um allgemeine und anonyme Daten \u00fcber Analysetools zu sammeln: Unser Service nutzt Google Analytics, einen Dienst von Google Inc. (\u201eGoogle\u201c). Google Analytics verwendet die oben beschriebenen Cookies, um Informationen \u00fcber die Nutzung unseres Services zu liefern. Wir verwenden&#8230;<\/p>\n","protected":false},"author":1,"featured_media":0,"parent":0,"menu_order":28,"comment_status":"closed","ping_status":"closed","template":"","meta":{"_acf_changed":false,"footnotes":""},"class_list":["post-2842","page","type-page","status-publish","hentry"],"acf":[],"yoast_head":"<!-- This site is optimized with the Yoast SEO plugin v27.4 - https:\/\/yoast.com\/product\/yoast-seo-wordpress\/ -->\n<title>Datenschutzerkl\u00e4rung - AstonVue<\/title>\n<meta name=\"robots\" content=\"index, follow, max-snippet:-1, max-image-preview:large, max-video-preview:-1\" \/>\n<link rel=\"canonical\" href=\"https:\/\/astonvue.pl\/de\/datenschutzerklaerung\/\" \/>\n<meta property=\"og:locale\" content=\"de_DE\" \/>\n<meta property=\"og:type\" content=\"article\" \/>\n<meta property=\"og:title\" content=\"Datenschutzerkl\u00e4rung - AstonVue\" \/>\n<meta property=\"og:description\" content=\"I. Allgemeine Informationen II. Verwaltung personenbezogener Daten III. Cookies Im Service werden externe Cookies bekannter Partner verwendet, um allgemeine und anonyme Daten \u00fcber Analysetools zu sammeln: Unser Service nutzt Google Analytics, einen Dienst von Google Inc. (\u201eGoogle\u201c). Google Analytics verwendet die oben beschriebenen Cookies, um Informationen \u00fcber die Nutzung unseres Services zu liefern. Wir verwenden...\" \/>\n<meta property=\"og:url\" content=\"https:\/\/astonvue.pl\/de\/datenschutzerklaerung\/\" \/>\n<meta property=\"og:site_name\" content=\"AstonVue\" \/>\n<meta property=\"article:modified_time\" content=\"2025-11-21T18:57:04+00:00\" \/>\n<meta property=\"og:image\" content=\"https:\/\/astonvue.pl\/wp-content\/uploads\/2024\/12\/ba8952ca40f5c620a25d72f199ac513d.jpg\" \/>\n\t<meta property=\"og:image:width\" content=\"1920\" \/>\n\t<meta property=\"og:image:height\" content=\"1280\" \/>\n\t<meta property=\"og:image:type\" content=\"image\/jpeg\" \/>\n<meta name=\"twitter:card\" content=\"summary_large_image\" \/>\n<meta name=\"twitter:label1\" content=\"Gesch\u00e4tzte Lesezeit\" \/>\n\t<meta name=\"twitter:data1\" content=\"11\u00a0Minuten\" \/>\n<script type=\"application\/ld+json\" class=\"yoast-schema-graph\">{\"@context\":\"https:\\\/\\\/schema.org\",\"@graph\":[{\"@type\":\"WebPage\",\"@id\":\"https:\\\/\\\/astonvue.pl\\\/de\\\/datenschutzerklaerung\\\/\",\"url\":\"https:\\\/\\\/astonvue.pl\\\/de\\\/datenschutzerklaerung\\\/\",\"name\":\"Datenschutzerkl\u00e4rung - AstonVue\",\"isPartOf\":{\"@id\":\"https:\\\/\\\/astonvue.pl\\\/#website\"},\"datePublished\":\"2023-05-10T00:19:02+00:00\",\"dateModified\":\"2025-11-21T18:57:04+00:00\",\"breadcrumb\":{\"@id\":\"https:\\\/\\\/astonvue.pl\\\/de\\\/datenschutzerklaerung\\\/#breadcrumb\"},\"inLanguage\":\"de\",\"potentialAction\":[{\"@type\":\"ReadAction\",\"target\":[\"https:\\\/\\\/astonvue.pl\\\/de\\\/datenschutzerklaerung\\\/\"]}]},{\"@type\":\"BreadcrumbList\",\"@id\":\"https:\\\/\\\/astonvue.pl\\\/de\\\/datenschutzerklaerung\\\/#breadcrumb\",\"itemListElement\":[{\"@type\":\"ListItem\",\"position\":1,\"name\":\"Strona g\u0142\u00f3wna\",\"item\":\"https:\\\/\\\/astonvue.pl\\\/de\\\/\"},{\"@type\":\"ListItem\",\"position\":2,\"name\":\"Datenschutzerkl\u00e4rung\"}]},{\"@type\":\"WebSite\",\"@id\":\"https:\\\/\\\/astonvue.pl\\\/#website\",\"url\":\"https:\\\/\\\/astonvue.pl\\\/\",\"name\":\"AstonVue\",\"description\":\"\",\"potentialAction\":[{\"@type\":\"SearchAction\",\"target\":{\"@type\":\"EntryPoint\",\"urlTemplate\":\"https:\\\/\\\/astonvue.pl\\\/?s={search_term_string}\"},\"query-input\":{\"@type\":\"PropertyValueSpecification\",\"valueRequired\":true,\"valueName\":\"search_term_string\"}}],\"inLanguage\":\"de\"}]}<\/script>\n<!-- \/ Yoast SEO plugin. -->","yoast_head_json":{"title":"Datenschutzerkl\u00e4rung - AstonVue","robots":{"index":"index","follow":"follow","max-snippet":"max-snippet:-1","max-image-preview":"max-image-preview:large","max-video-preview":"max-video-preview:-1"},"canonical":"https:\/\/astonvue.pl\/de\/datenschutzerklaerung\/","og_locale":"de_DE","og_type":"article","og_title":"Datenschutzerkl\u00e4rung - AstonVue","og_description":"I. Allgemeine Informationen II. Verwaltung personenbezogener Daten III. Cookies Im Service werden externe Cookies bekannter Partner verwendet, um allgemeine und anonyme Daten \u00fcber Analysetools zu sammeln: Unser Service nutzt Google Analytics, einen Dienst von Google Inc. (\u201eGoogle\u201c). Google Analytics verwendet die oben beschriebenen Cookies, um Informationen \u00fcber die Nutzung unseres Services zu liefern. Wir verwenden...","og_url":"https:\/\/astonvue.pl\/de\/datenschutzerklaerung\/","og_site_name":"AstonVue","article_modified_time":"2025-11-21T18:57:04+00:00","og_image":[{"width":1920,"height":1280,"url":"https:\/\/astonvue.pl\/wp-content\/uploads\/2024\/12\/ba8952ca40f5c620a25d72f199ac513d.jpg","type":"image\/jpeg"}],"twitter_card":"summary_large_image","twitter_misc":{"Gesch\u00e4tzte Lesezeit":"11\u00a0Minuten"},"schema":{"@context":"https:\/\/schema.org","@graph":[{"@type":"WebPage","@id":"https:\/\/astonvue.pl\/de\/datenschutzerklaerung\/","url":"https:\/\/astonvue.pl\/de\/datenschutzerklaerung\/","name":"Datenschutzerkl\u00e4rung - AstonVue","isPartOf":{"@id":"https:\/\/astonvue.pl\/#website"},"datePublished":"2023-05-10T00:19:02+00:00","dateModified":"2025-11-21T18:57:04+00:00","breadcrumb":{"@id":"https:\/\/astonvue.pl\/de\/datenschutzerklaerung\/#breadcrumb"},"inLanguage":"de","potentialAction":[{"@type":"ReadAction","target":["https:\/\/astonvue.pl\/de\/datenschutzerklaerung\/"]}]},{"@type":"BreadcrumbList","@id":"https:\/\/astonvue.pl\/de\/datenschutzerklaerung\/#breadcrumb","itemListElement":[{"@type":"ListItem","position":1,"name":"Strona g\u0142\u00f3wna","item":"https:\/\/astonvue.pl\/de\/"},{"@type":"ListItem","position":2,"name":"Datenschutzerkl\u00e4rung"}]},{"@type":"WebSite","@id":"https:\/\/astonvue.pl\/#website","url":"https:\/\/astonvue.pl\/","name":"AstonVue","description":"","potentialAction":[{"@type":"SearchAction","target":{"@type":"EntryPoint","urlTemplate":"https:\/\/astonvue.pl\/?s={search_term_string}"},"query-input":{"@type":"PropertyValueSpecification","valueRequired":true,"valueName":"search_term_string"}}],"inLanguage":"de"}]}},"_links":{"self":[{"href":"https:\/\/astonvue.pl\/de\/wp-json\/wp\/v2\/pages\/2842","targetHints":{"allow":["GET"]}}],"collection":[{"href":"https:\/\/astonvue.pl\/de\/wp-json\/wp\/v2\/pages"}],"about":[{"href":"https:\/\/astonvue.pl\/de\/wp-json\/wp\/v2\/types\/page"}],"author":[{"embeddable":true,"href":"https:\/\/astonvue.pl\/de\/wp-json\/wp\/v2\/users\/1"}],"replies":[{"embeddable":true,"href":"https:\/\/astonvue.pl\/de\/wp-json\/wp\/v2\/comments?post=2842"}],"version-history":[{"count":1,"href":"https:\/\/astonvue.pl\/de\/wp-json\/wp\/v2\/pages\/2842\/revisions"}],"predecessor-version":[{"id":2843,"href":"https:\/\/astonvue.pl\/de\/wp-json\/wp\/v2\/pages\/2842\/revisions\/2843"}],"wp:attachment":[{"href":"https:\/\/astonvue.pl\/de\/wp-json\/wp\/v2\/media?parent=2842"}],"curies":[{"name":"wp","href":"https:\/\/api.w.org\/{rel}","templated":true}]}}