{"id":2812,"date":"2025-01-29T12:09:44","date_gmt":"2025-01-29T11:09:44","guid":{"rendered":"https:\/\/astonvue.pl\/kontakt\/"},"modified":"2025-11-21T19:10:35","modified_gmt":"2025-11-21T18:10:35","slug":"kontakt","status":"publish","type":"page","link":"https:\/\/astonvue.pl\/de\/kontakt\/","title":{"rendered":"kontakt"},"content":{"rendered":"<section class=\"l-section wpb_row dummy-header-bg height_auto width_full\"><div class=\"l-section-overlay\" style=\"background:var(--color-header-middle-bg)\"><\/div><div class=\"l-section-h i-cf\"><div class=\"g-cols vc_row via_grid cols_1 laptops-cols_inherit tablets-cols_inherit mobiles-cols_1 valign_top type_default stacking_default\"><div class=\"wpb_column vc_column_container\"><div class=\"vc_column-inner\"><\/div><\/div><\/div><\/div><\/section><section class=\"l-section wpb_row us_custom_d77bca1a us_animate_this height_medium\"><div class=\"l-section-overlay\" style=\"background:#F7F3ED\"><\/div><div class=\"l-section-h i-cf\"><div class=\"g-cols vc_row via_grid cols_1 laptops-cols_inherit tablets-cols_inherit mobiles-cols_1 valign_top type_default stacking_default\"><div class=\"wpb_column vc_column_container\"><div class=\"vc_column-inner\"><div class=\"wpb_text_column us_custom_b5ddbf73\"><div class=\"wpb_wrapper\"><h2>hast du Fragen?<\/h2>\n<p style=\"font-size: 1.25rem;\">lass uns sprechen<\/p>\n<\/div><\/div><\/div><\/div><\/div><\/div><\/section><section class=\"l-section wpb_row us_custom_d77bca1a four-columns-wrapper us_animate_this height_auto\"><div class=\"l-section-overlay\" style=\"background:#F7F3ED\"><\/div><div class=\"l-section-h i-cf\"><div class=\"g-cols vc_row via_grid cols_4 laptops-cols_inherit tablets-cols_inherit mobiles-cols_1 valign_top type_default\" style=\"grid-gap:1.5rem;\"><div class=\"wpb_column vc_column_container\"><div class=\"vc_column-inner\"><div class=\"w-image us_custom_a2b9ef67 align_none\"><div url class=\"w-image-h\"><img loading=\"lazy\" decoding=\"async\" width=\"448\" height=\"620\" src=\"https:\/\/astonvue.pl\/wp-content\/uploads\/2025\/01\/dawid_pulchny.jpg\" class=\"attachment-full size-full\" alt=\"\" srcset=\"https:\/\/astonvue.pl\/wp-content\/uploads\/2025\/01\/dawid_pulchny.jpg 448w, https:\/\/astonvue.pl\/wp-content\/uploads\/2025\/01\/dawid_pulchny-217x300.jpg 217w\" sizes=\"auto, (max-width: 448px) 100vw, 448px\" \/><\/div><\/div><div class=\"w-separator size_small\"><\/div><div class=\"wpb_text_column us_custom_b9ccd8ad\"><div class=\"wpb_wrapper\"><p>DAWID<br \/>PULCHNY<\/p>\n<p>Berater f\u00fcr Immobilien <\/p>\n<p><a href=\"tel:+48%20509%20616%20458\">+48 509 616 458<\/a><br \/><a href=\"mailto:dawid.pulchny@astonvue.pl\">dawid.pulchny@astonvue.pl<\/a><\/p>\n<\/div><\/div><\/div><\/div><div class=\"wpb_column vc_column_container\"><div class=\"vc_column-inner\"><div class=\"w-image us_custom_a2b9ef67 align_none\"><div url class=\"w-image-h\"><img loading=\"lazy\" decoding=\"async\" width=\"448\" height=\"620\" src=\"https:\/\/astonvue.pl\/wp-content\/uploads\/2025\/01\/mateusz_czaplicki.jpg\" class=\"attachment-full size-full\" alt=\"\" srcset=\"https:\/\/astonvue.pl\/wp-content\/uploads\/2025\/01\/mateusz_czaplicki.jpg 448w, https:\/\/astonvue.pl\/wp-content\/uploads\/2025\/01\/mateusz_czaplicki-217x300.jpg 217w\" sizes=\"auto, (max-width: 448px) 100vw, 448px\" \/><\/div><\/div><div class=\"w-separator size_small\"><\/div><div class=\"wpb_text_column us_custom_b9ccd8ad\"><div class=\"wpb_wrapper\"><p>MATEUSZ<br \/>CZAPLICKI<\/p>\n<p>Berater f\u00fcr Immobilien <\/p>\n<p><a href=\"tel:+48%20507%20077%20580\">+48 507 077 580<\/a><br \/><a href=\"mailto:mateusz.czaplicki@astonvue.pl\">mateusz.czaplicki@astonvue.pl<\/a><\/p>\n<\/div><\/div><\/div><\/div><div class=\"wpb_column vc_column_container\"><div class=\"vc_column-inner\"><div class=\"w-image us_custom_a2b9ef67 align_none\"><div url class=\"w-image-h\"><img loading=\"lazy\" decoding=\"async\" width=\"448\" height=\"620\" src=\"https:\/\/astonvue.pl\/wp-content\/uploads\/2025\/02\/barbara_witkowska.jpg\" class=\"attachment-full size-full\" alt=\"\" srcset=\"https:\/\/astonvue.pl\/wp-content\/uploads\/2025\/02\/barbara_witkowska.jpg 448w, https:\/\/astonvue.pl\/wp-content\/uploads\/2025\/02\/barbara_witkowska-217x300.jpg 217w\" sizes=\"auto, (max-width: 448px) 100vw, 448px\" \/><\/div><\/div><div class=\"w-separator size_small\"><\/div><div class=\"wpb_text_column us_custom_b9ccd8ad\"><div class=\"wpb_wrapper\"><p>BARBARA<br \/>WITKOWSKA<\/p>\n<p>Berater f\u00fcr Immobilien <\/p>\n<p><a href=\"tel:+48%20665%20579%20267\">+48 665 579 267<\/a><br \/><a href=\"mailto:barbara.witkowska@astonvue.pl\">barbara.witkowska@astonvue.pl<\/a><\/p>\n<\/div><\/div><\/div><\/div><div class=\"wpb_column vc_column_container\"><div class=\"vc_column-inner\"><div class=\"w-image us_custom_a2b9ef67 align_none\"><div url class=\"w-image-h\"><img loading=\"lazy\" decoding=\"async\" width=\"448\" height=\"620\" src=\"https:\/\/astonvue.pl\/wp-content\/uploads\/2025\/06\/Diana-Butowska.jpg\" class=\"attachment-full size-full\" alt=\"\" srcset=\"https:\/\/astonvue.pl\/wp-content\/uploads\/2025\/06\/Diana-Butowska.jpg 448w, https:\/\/astonvue.pl\/wp-content\/uploads\/2025\/06\/Diana-Butowska-217x300.jpg 217w\" sizes=\"auto, (max-width: 448px) 100vw, 448px\" \/><\/div><\/div><div class=\"w-separator size_small\"><\/div><div class=\"wpb_text_column us_custom_b9ccd8ad\"><div class=\"wpb_wrapper\"><p>DIANA<br \/>BUTOWSKA<\/p>\n<p>Berater f\u00fcr Immobilien <\/p>\n<p><a href=\"tel:+48%20669%20554%20449\">+48 669 554 449<\/a><br \/><a href=\"mailto:diana.butowska@astonvue.pl\">diana.butowska@astonvue.pl<\/a><\/p>\n<\/div><\/div><\/div><\/div><\/div><\/div><\/section><section class=\"l-section wpb_row height_medium\"><div class=\"l-section-h i-cf\"><div class=\"g-cols vc_row via_grid cols_2 laptops-cols_inherit tablets-cols_inherit mobiles-cols_1 valign_top type_default stacking_default\"><div class=\"wpb_column vc_column_container\"><div class=\"vc_column-inner\"><div class=\"wpb_text_column us_custom_fb671ecc\"><div class=\"wpb_wrapper\"><p>Investor<\/p>\n<\/div><\/div><div class=\"w-separator size_small\"><\/div><div class=\"wpb_text_column us_custom_42e57a31\"><div class=\"wpb_wrapper\"><p>Grupa Wisdomic<br \/>Aston Vue Sp. z o.o.<br \/>ul. Koszykarska 29,<br \/>Krak\u00f3w  <\/p>\n<\/div><\/div><\/div><\/div><div class=\"wpb_column vc_column_container\"><div class=\"vc_column-inner\"><div class=\"wpb_text_column us_custom_fb671ecc\"><div class=\"wpb_wrapper\"><p>Verkaufsabteilung<\/p>\n<\/div><\/div><div class=\"w-separator size_small\"><\/div><div class=\"wpb_text_column us_custom_42e57a31\"><div class=\"wpb_wrapper\"><p><a href=\"tel:+48%20509%20616%20458\">+48 509 616 458<\/a><br \/>\n<a href=\"tel:+48%20507%20077%20580\">+48 507 077 580<\/a><\/p>\n<\/p>\n<p><a href=\"mailto:sprzedaz@astonvue.pl\">sprzedaz@astonvue.pl<\/a><\/p>\n<\/div><\/div><\/div><\/div><\/div><\/div><\/section><section class=\"l-section wpb_row height_auto\"><div class=\"l-section-h i-cf\"><div class=\"g-cols vc_row via_grid cols_1 laptops-cols_inherit tablets-cols_inherit mobiles-cols_1 valign_top type_default stacking_default\"><div class=\"wpb_column vc_column_container\"><div class=\"vc_column-inner\"><div class=\"w-separator size_small\"><\/div><\/div><\/div><\/div><\/div><\/section><section class=\"l-section wpb_row height_auto\"><div class=\"l-section-h i-cf\"><div class=\"g-cols vc_row via_grid cols_1 laptops-cols_inherit tablets-cols_inherit mobiles-cols_1 valign_top type_default stacking_default\"><div class=\"wpb_column vc_column_container\"><div class=\"vc_column-inner\"><div class=\"wpb_text_column us_custom_fb671ecc\"><div class=\"wpb_wrapper\"><p>Finanzbericht<\/p>\n<\/div><\/div><div class=\"w-separator size_small\"><\/div><div class=\"wpb_text_column us_custom_42e57a31\"><div class=\"wpb_wrapper\"><p>Gem\u00e4\u00df den Anforderungen des Art. 37 des Anleihegesetzes ver\u00f6ffentlichen wir den Finanzbericht sowie das Gutachten des Wirtschaftspr\u00fcfers zum Finanzbericht der Gesellschaft ASTON VUE Sp.  <\/p>\n<\/div><\/div><div class=\"w-separator size_small\"><\/div><div class=\"wpb_text_column us_custom_42e57a31\"><div class=\"wpb_wrapper\"><p><a href=\"https:\/\/astonvue.pl\/wp-content\/uploads\/2025\/08\/SPRAWOZDANIE-2024-Aston-BH-TB-MJ.pdf\" target=\"_blank\">Finanzbericht herunterladen<\/a><\/p>\n<\/div><\/div><div class=\"w-separator size_custom\" style=\"height:8px\"><\/div><div class=\"wpb_text_column us_custom_42e57a31\"><div class=\"wpb_wrapper\"><p><a href=\"https:\/\/astonvue.pl\/wp-content\/uploads\/2025\/08\/Aston-Vue_2024_SzB_5.8.2025-sig.pdf\" target=\"_blank\">Gutachten des Wirtschaftspr\u00fcfers herunterladen<\/a><\/p>\n<\/div><\/div><div class=\"w-separator size_medium\"><\/div><\/div><\/div><\/div><\/div><\/section><section class=\"l-section wpb_row us_custom_23145806 us_animate_this height_medium\"><div class=\"l-section-h i-cf\"><div class=\"g-cols vc_row via_grid cols_2 laptops-cols_inherit tablets-cols_inherit mobiles-cols_1 valign_top type_default stacking_default\"><div class=\"wpb_column vc_column_container\"><div class=\"vc_column-inner\"><div class=\"wpb_text_column us_custom_0a533e4d\"><div class=\"wpb_wrapper\"><p>oder schreibe uns, und wir melden uns innerhalb von 48 Stunden bei dir<\/p>\n<\/div><\/div><\/div><\/div><div class=\"wpb_column vc_column_container\"><div class=\"vc_column-inner\"><div class=\"w-html\"><style id=\"wpforms-css-vars-2147\">\n\t\t\t\t#wpforms-2147 {\n\t\t\t\t--wpforms-field-size-input-height: 43px;\n--wpforms-field-size-input-spacing: 15px;\n--wpforms-field-size-font-size: 16px;\n--wpforms-field-size-line-height: 19px;\n--wpforms-field-size-padding-h: 14px;\n--wpforms-field-size-checkbox-size: 16px;\n--wpforms-field-size-sublabel-spacing: 5px;\n--wpforms-field-size-icon-size: 1;\n--wpforms-label-size-font-size: 16px;\n--wpforms-label-size-line-height: 19px;\n--wpforms-label-size-sublabel-font-size: 14px;\n--wpforms-label-size-sublabel-line-height: 17px;\n--wpforms-button-size-font-size: 17px;\n--wpforms-button-size-height: 41px;\n--wpforms-button-size-padding-h: 15px;\n--wpforms-button-size-margin-top: 10px;\n--wpforms-container-shadow-size-box-shadow: none;\n\t\t\t}\n\t\t\t<\/style><div class=\"wpforms-container wpforms-container-full astonvue-contact-form wpforms-render-modern\" id=\"wpforms-2147\"><form id=\"wpforms-form-2147\" class=\"wpforms-validate wpforms-form wpforms-ajax-form\" data-formid=\"2147\" method=\"post\" enctype=\"multipart\/form-data\" action=\"\/de\/wp-json\/wp\/v2\/pages\/2812\" data-token=\"4338078dd8c6bb2a38ff72731d0d005e\" data-token-time=\"1776733791\"><noscript class=\"wpforms-error-noscript\">Bitte aktiviere JavaScript in deinem Browser, um dieses Formular fertigzustellen.<\/noscript><div id=\"wpforms-error-noscript\" style=\"display: none;\">Bitte aktiviere JavaScript in deinem Browser, um dieses Formular fertigzustellen.<\/div><div class=\"wpforms-field-container\"><div id=\"wpforms-2147-field_4-container\" class=\"wpforms-field wpforms-field-layout\" data-field-id=\"4\"><div class=\"wpforms-field-layout-rows wpforms-field-large\"><div class=\"wpforms-layout-row\"><div class=\"wpforms-layout-column wpforms-layout-column-50\"><div id=\"wpforms-2147-field_6-container\" class=\"wpforms-field wpforms-field-text\" data-field-id=\"6\"><label class=\"wpforms-field-label wpforms-label-hide\" for=\"wpforms-2147-field_6\" aria-hidden=\"false\">imie <span class=\"wpforms-required-label\" aria-hidden=\"true\">*<\/span><\/label><input type=\"text\" id=\"wpforms-2147-field_6\" class=\"wpforms-field-medium wpforms-field-required\" name=\"wpforms[fields][6]\" placeholder=\"imie\" aria-errormessage=\"wpforms-2147-field_6-error\" required><\/div><\/div><div class=\"wpforms-layout-column wpforms-layout-column-50\"><div id=\"wpforms-2147-field_7-container\" class=\"wpforms-field wpforms-field-text\" data-field-id=\"7\"><label class=\"wpforms-field-label wpforms-label-hide\" for=\"wpforms-2147-field_7\" aria-hidden=\"false\">nazwisko <span class=\"wpforms-required-label\" aria-hidden=\"true\">*<\/span><\/label><input type=\"text\" id=\"wpforms-2147-field_7\" class=\"wpforms-field-medium wpforms-field-required\" name=\"wpforms[fields][7]\" placeholder=\"nazwisko\" aria-errormessage=\"wpforms-2147-field_7-error\" required><\/div><\/div><\/div><div class=\"wpforms-layout-row\"><div class=\"wpforms-layout-column wpforms-layout-column-50\"><div id=\"wpforms-2147-field_1-container\" class=\"wpforms-field wpforms-field-text\" data-field-id=\"1\"><label class=\"wpforms-field-label wpforms-label-hide\" for=\"wpforms-2147-field_1\" aria-hidden=\"false\">E-Mail <span class=\"wpforms-required-label\" aria-hidden=\"true\">*<\/span><\/label><input type=\"text\" id=\"wpforms-2147-field_1\" class=\"wpforms-field-medium wpforms-field-required\" name=\"wpforms[fields][1]\" placeholder=\"E-Mail\" aria-errormessage=\"wpforms-2147-field_1-error\" required><\/div><\/div><div class=\"wpforms-layout-column wpforms-layout-column-50\"><div id=\"wpforms-2147-field_2-container\" class=\"wpforms-field wpforms-field-text\" data-field-id=\"2\"><label class=\"wpforms-field-label wpforms-label-hide\" for=\"wpforms-2147-field_2\" aria-hidden=\"false\">Tel. <span class=\"wpforms-required-label\" aria-hidden=\"true\">*<\/span><\/label><input type=\"text\" id=\"wpforms-2147-field_2\" class=\"wpforms-field-medium wpforms-field-required\" name=\"wpforms[fields][2]\" placeholder=\"Tel.\" aria-errormessage=\"wpforms-2147-field_2-error\" required><\/div><\/div><\/div><\/div><\/div><div id=\"wpforms-2147-field_3-container\" class=\"wpforms-field wpforms-field-textarea\" data-field-id=\"3\"><label class=\"wpforms-field-label wpforms-label-hide\" for=\"wpforms-2147-field_3\" aria-hidden=\"false\">Nachricht <span class=\"wpforms-required-label\" aria-hidden=\"true\">*<\/span><\/label><textarea id=\"wpforms-2147-field_3\" class=\"wpforms-field-medium wpforms-field-required\" name=\"wpforms[fields][3]\" aria-errormessage=\"wpforms-2147-field_3-error\" required>Ich interessiere mich f\u00fcr ein Apartment in dieser Investition, bitte kontaktieren Sie mich<\/textarea><\/div>\t\t<div id=\"wpforms-2147-field_8-container\"\n\t\t\tclass=\"wpforms-field wpforms-field-text\"\n\t\t\tdata-field-type=\"text\"\n\t\t\tdata-field-id=\"8\"\n\t\t\t>\n\t\t\t<label class=\"wpforms-field-label\" for=\"wpforms-2147-field_8\" >Nachricht Tel. Einwilligung<\/label>\n\t\t\t<input type=\"text\" id=\"wpforms-2147-field_8\" class=\"wpforms-field-medium\" name=\"wpforms[fields][8]\" >\n\t\t<\/div>\n\t\t<div id=\"wpforms-2147-field_5-container\" class=\"wpforms-field wpforms-field-checkbox\" data-field-id=\"5\"><fieldset><legend class=\"wpforms-field-label wpforms-label-hide\" aria-hidden=\"false\">Einwilligung <span class=\"wpforms-required-label\" aria-hidden=\"true\">*<\/span><\/legend><ul id=\"wpforms-2147-field_5\" class=\"wpforms-field-required\"><li class=\"choice-1 depth-1\"><input type=\"checkbox\" id=\"wpforms-2147-field_5_1\" name=\"wpforms[fields][5][]\" value=\"Ich stimme der Verarbeitung meiner personenbezogenen Daten gem\u00e4\u00df dem Datenschutzgesetz im Zusammenhang mit der Beantwortung meiner Anfrage zu. Die Angabe der Daten ist freiwillig, jedoch f\u00fcr die Bearbeitung der Anfrage erforderlich. Mir ist bewusst, dass ich das Recht auf Zugang zu meinen Daten, deren Berichtigung sowie das Recht habe, die Einstellung der Verarbeitung zu verlangen.  \" aria-errormessage=\"wpforms-2147-field_5_1-error\" required ><label class=\"wpforms-field-label-inline\" for=\"wpforms-2147-field_5_1\">Ich stimme der Verarbeitung meiner personenbezogenen Daten gem\u00e4\u00df dem Datenschutzgesetz im Zusammenhang mit der Beantwortung meiner Anfrage zu. Die Angabe der Daten ist freiwillig, jedoch f\u00fcr die Bearbeitung der Anfrage erforderlich. Mir ist bewusst, dass ich das Recht auf Zugang zu meinen Daten, deren Berichtigung sowie das Recht habe, die Einstellung der Verarbeitung zu verlangen.<\/label><\/li><\/ul><\/fieldset><\/div><script>\n\t\t\t\t( function() {\n\t\t\t\t\tconst style = document.createElement( 'style' );\n\t\t\t\t\tstyle.appendChild( document.createTextNode( '#wpforms-2147-field_8-container { position: absolute !important; overflow: hidden !important; display: inline !important; height: 1px !important; width: 1px !important; z-index: -1000 !important; padding: 0 !important; } #wpforms-2147-field_8-container input { visibility: hidden; } #wpforms-conversational-form-page #wpforms-2147-field_8-container label { counter-increment: none; }' ) );\n\t\t\t\t\tdocument.head.appendChild( style );\n\t\t\t\t\tdocument.currentScript?.remove();\n\t\t\t\t} )();\n\t\t\t<\/script><\/div><!-- .wpforms-field-container --><div class=\"wpforms-submit-container\" ><input type=\"hidden\" name=\"wpforms[id]\" value=\"2147\"><input type=\"hidden\" name=\"page_title\" value=\"\"><input type=\"hidden\" name=\"page_url\" value=\"https:\/\/astonvue.pl\/de\/wp-json\/wp\/v2\/pages\/2812\"><input type=\"hidden\" name=\"url_referer\" value=\"\"><button type=\"submit\" name=\"wpforms[submit]\" id=\"wpforms-submit-2147\" class=\"wpforms-submit astonvue-contact-form-button\" data-alt-text=\"Wird gesendet\u2026\" data-submit-text=\"SENDEN\" aria-live=\"assertive\" value=\"wpforms-submit\">SENDEN<\/button><img loading=\"lazy\" decoding=\"async\" src=\"https:\/\/astonvue.pl\/wp-content\/plugins\/wpforms\/assets\/images\/submit-spin.svg\" class=\"wpforms-submit-spinner\" style=\"display: none;\" width=\"26\" height=\"26\" alt=\"Wird geladen\"><\/div><\/form><\/div>  <!-- .wpforms-container --><\/div><\/div><\/div><\/div><\/div><\/section><section class=\"l-section wpb_row us_custom_8d0feb12 height_auto width_full with_img\"><div class=\"l-section-img\" role=\"img\" data-img-width=\"1920\" data-img-height=\"1280\" style=\"background-image: url(https:\/\/astonvue.pl\/wp-content\/uploads\/2024\/11\/43336c65890982a7e17ca40392ae734c.jpg);background-position: bottom center;background-repeat: no-repeat;\"><\/div><div class=\"l-section-h i-cf\"><div class=\"g-cols vc_row via_grid cols_1 laptops-cols_inherit tablets-cols_inherit mobiles-cols_1 valign_top type_default stacking_default\"><div class=\"wpb_column vc_column_container\"><div class=\"vc_column-inner\"><\/div><\/div><\/div><\/div><\/section>\n","protected":false},"excerpt":{"rendered":"hast du Fragen? lass uns sprechen DAWIDPULCHNY Berater f\u00fcr Immobilien +48 509 616 458dawid.pulchny@astonvue.pl MATEUSZCZAPLICKI Berater f\u00fcr Immobilien +48 507 077 580mateusz.czaplicki@astonvue.pl BARBARAWITKOWSKA Berater f\u00fcr Immobilien +48 665 579 267barbara.witkowska@astonvue.pl DIANABUTOWSKA Berater f\u00fcr Immobilien +48 669 554 449diana.butowska@astonvue.pl Investor Grupa WisdomicAston Vue Sp. z o.o.ul. Koszykarska 29,Krak\u00f3w Verkaufsabteilung +48 509 616 458 +48 507 077...","protected":false},"author":7,"featured_media":0,"parent":0,"menu_order":14,"comment_status":"closed","ping_status":"closed","template":"","meta":{"_acf_changed":false,"footnotes":""},"class_list":["post-2812","page","type-page","status-publish","hentry"],"acf":[],"yoast_head":"<!-- This site is optimized with the Yoast SEO plugin v27.4 - https:\/\/yoast.com\/product\/yoast-seo-wordpress\/ -->\n<title>kontakt - AstonVue<\/title>\n<meta name=\"robots\" content=\"index, follow, max-snippet:-1, max-image-preview:large, max-video-preview:-1\" \/>\n<link rel=\"canonical\" href=\"https:\/\/astonvue.pl\/de\/kontakt\/\" \/>\n<meta property=\"og:locale\" content=\"de_DE\" \/>\n<meta property=\"og:type\" content=\"article\" \/>\n<meta property=\"og:title\" content=\"kontakt - AstonVue\" \/>\n<meta property=\"og:url\" content=\"https:\/\/astonvue.pl\/de\/kontakt\/\" \/>\n<meta property=\"og:site_name\" content=\"AstonVue\" \/>\n<meta property=\"article:modified_time\" content=\"2025-11-21T18:10:35+00:00\" \/>\n<meta property=\"og:image\" content=\"https:\/\/astonvue.pl\/wp-content\/uploads\/2024\/12\/ba8952ca40f5c620a25d72f199ac513d.jpg\" \/>\n\t<meta property=\"og:image:width\" content=\"1920\" \/>\n\t<meta property=\"og:image:height\" content=\"1280\" \/>\n\t<meta property=\"og:image:type\" content=\"image\/jpeg\" \/>\n<meta name=\"twitter:card\" content=\"summary_large_image\" \/>\n<meta name=\"twitter:label1\" content=\"Gesch\u00e4tzte Lesezeit\" \/>\n\t<meta name=\"twitter:data1\" content=\"4\u00a0Minuten\" \/>\n<script type=\"application\/ld+json\" class=\"yoast-schema-graph\">{\"@context\":\"https:\\\/\\\/schema.org\",\"@graph\":[{\"@type\":\"WebPage\",\"@id\":\"https:\\\/\\\/astonvue.pl\\\/de\\\/kontakt\\\/\",\"url\":\"https:\\\/\\\/astonvue.pl\\\/de\\\/kontakt\\\/\",\"name\":\"kontakt - AstonVue\",\"isPartOf\":{\"@id\":\"https:\\\/\\\/astonvue.pl\\\/#website\"},\"datePublished\":\"2025-01-29T11:09:44+00:00\",\"dateModified\":\"2025-11-21T18:10:35+00:00\",\"breadcrumb\":{\"@id\":\"https:\\\/\\\/astonvue.pl\\\/de\\\/kontakt\\\/#breadcrumb\"},\"inLanguage\":\"de\",\"potentialAction\":[{\"@type\":\"ReadAction\",\"target\":[\"https:\\\/\\\/astonvue.pl\\\/de\\\/kontakt\\\/\"]}]},{\"@type\":\"BreadcrumbList\",\"@id\":\"https:\\\/\\\/astonvue.pl\\\/de\\\/kontakt\\\/#breadcrumb\",\"itemListElement\":[{\"@type\":\"ListItem\",\"position\":1,\"name\":\"Strona g\u0142\u00f3wna\",\"item\":\"https:\\\/\\\/astonvue.pl\\\/de\\\/\"},{\"@type\":\"ListItem\",\"position\":2,\"name\":\"kontakt\"}]},{\"@type\":\"WebSite\",\"@id\":\"https:\\\/\\\/astonvue.pl\\\/#website\",\"url\":\"https:\\\/\\\/astonvue.pl\\\/\",\"name\":\"AstonVue\",\"description\":\"\",\"potentialAction\":[{\"@type\":\"SearchAction\",\"target\":{\"@type\":\"EntryPoint\",\"urlTemplate\":\"https:\\\/\\\/astonvue.pl\\\/?s={search_term_string}\"},\"query-input\":{\"@type\":\"PropertyValueSpecification\",\"valueRequired\":true,\"valueName\":\"search_term_string\"}}],\"inLanguage\":\"de\"}]}<\/script>\n<!-- \/ Yoast SEO plugin. -->","yoast_head_json":{"title":"kontakt - AstonVue","robots":{"index":"index","follow":"follow","max-snippet":"max-snippet:-1","max-image-preview":"max-image-preview:large","max-video-preview":"max-video-preview:-1"},"canonical":"https:\/\/astonvue.pl\/de\/kontakt\/","og_locale":"de_DE","og_type":"article","og_title":"kontakt - AstonVue","og_url":"https:\/\/astonvue.pl\/de\/kontakt\/","og_site_name":"AstonVue","article_modified_time":"2025-11-21T18:10:35+00:00","og_image":[{"width":1920,"height":1280,"url":"https:\/\/astonvue.pl\/wp-content\/uploads\/2024\/12\/ba8952ca40f5c620a25d72f199ac513d.jpg","type":"image\/jpeg"}],"twitter_card":"summary_large_image","twitter_misc":{"Gesch\u00e4tzte Lesezeit":"4\u00a0Minuten"},"schema":{"@context":"https:\/\/schema.org","@graph":[{"@type":"WebPage","@id":"https:\/\/astonvue.pl\/de\/kontakt\/","url":"https:\/\/astonvue.pl\/de\/kontakt\/","name":"kontakt - AstonVue","isPartOf":{"@id":"https:\/\/astonvue.pl\/#website"},"datePublished":"2025-01-29T11:09:44+00:00","dateModified":"2025-11-21T18:10:35+00:00","breadcrumb":{"@id":"https:\/\/astonvue.pl\/de\/kontakt\/#breadcrumb"},"inLanguage":"de","potentialAction":[{"@type":"ReadAction","target":["https:\/\/astonvue.pl\/de\/kontakt\/"]}]},{"@type":"BreadcrumbList","@id":"https:\/\/astonvue.pl\/de\/kontakt\/#breadcrumb","itemListElement":[{"@type":"ListItem","position":1,"name":"Strona g\u0142\u00f3wna","item":"https:\/\/astonvue.pl\/de\/"},{"@type":"ListItem","position":2,"name":"kontakt"}]},{"@type":"WebSite","@id":"https:\/\/astonvue.pl\/#website","url":"https:\/\/astonvue.pl\/","name":"AstonVue","description":"","potentialAction":[{"@type":"SearchAction","target":{"@type":"EntryPoint","urlTemplate":"https:\/\/astonvue.pl\/?s={search_term_string}"},"query-input":{"@type":"PropertyValueSpecification","valueRequired":true,"valueName":"search_term_string"}}],"inLanguage":"de"}]}},"_links":{"self":[{"href":"https:\/\/astonvue.pl\/de\/wp-json\/wp\/v2\/pages\/2812","targetHints":{"allow":["GET"]}}],"collection":[{"href":"https:\/\/astonvue.pl\/de\/wp-json\/wp\/v2\/pages"}],"about":[{"href":"https:\/\/astonvue.pl\/de\/wp-json\/wp\/v2\/types\/page"}],"author":[{"embeddable":true,"href":"https:\/\/astonvue.pl\/de\/wp-json\/wp\/v2\/users\/7"}],"replies":[{"embeddable":true,"href":"https:\/\/astonvue.pl\/de\/wp-json\/wp\/v2\/comments?post=2812"}],"version-history":[{"count":2,"href":"https:\/\/astonvue.pl\/de\/wp-json\/wp\/v2\/pages\/2812\/revisions"}],"predecessor-version":[{"id":2819,"href":"https:\/\/astonvue.pl\/de\/wp-json\/wp\/v2\/pages\/2812\/revisions\/2819"}],"wp:attachment":[{"href":"https:\/\/astonvue.pl\/de\/wp-json\/wp\/v2\/media?parent=2812"}],"curies":[{"name":"wp","href":"https:\/\/api.w.org\/{rel}","templated":true}]}}